{"id":44894,"date":"2016-02-22T11:14:09","date_gmt":"2016-02-22T10:14:09","guid":{"rendered":"https:\/\/undsgn.com\/uncode\/?page_id=44894"},"modified":"2025-10-28T20:38:58","modified_gmt":"2025-10-28T18:38:58","slug":"apie","status":"publish","type":"page","link":"https:\/\/www.trixproduction.com\/index.php\/pages\/apie\/","title":{"rendered":"Apie mus"},"content":{"rendered":"<div class=\"wpb-content-wrapper\"><p>[vc_row unlock_row_content=&#8221;yes&#8221; row_height_percent=&#8221;73&#8243; override_padding=&#8221;yes&#8221; h_padding=&#8221;0&#8243; top_padding=&#8221;0&#8243; bottom_padding=&#8221;0&#8243; overlay_alpha=&#8221;50&#8243; equal_height=&#8221;yes&#8221; gutter_size=&#8221;0&#8243; column_width_percent=&#8221;100&#8243; shift_y=&#8221;0&#8243; z_index=&#8221;0&#8243;][vc_column column_width_percent=&#8221;100&#8243; position_vertical=&#8221;middle&#8221; gutter_size=&#8221;3&#8243; override_padding=&#8221;yes&#8221; column_padding=&#8221;4&#8243; overlay_alpha=&#8221;50&#8243; shift_x=&#8221;0&#8243; shift_y=&#8221;0&#8243; shift_y_down=&#8221;0&#8243; z_index=&#8221;0&#8243; medium_width=&#8221;0&#8243; mobile_width=&#8221;0&#8243; width=&#8221;1\/3&#8243;][vc_custom_heading heading_semantic=&#8221;h3&#8243; text_font=&#8221;font-156269&#8243; text_size=&#8221;h1&#8243; text_transform=&#8221;uppercase&#8221; text_space=&#8221;fontspace-781688&#8243; separator=&#8221;yes&#8221; separator_color=&#8221;yes&#8221;]VEIKLA[\/vc_custom_heading][vc_column_text uncode_shortcode_id=&#8221;196604&#8243;]Esame audiovizualinio turinio k\u016brybin\u0117 agent\u016bra, si\u016blanti auk\u0161tos kokyb\u0117s techninius bei k\u016brybinius sprendimus, nauj\u0173j\u0173 medij\u0173 srityje. Ilgamet\u0117 patirtis kuriant audiovizualin\u012f turin\u012f,\u00a0 reklamas, laidas, serialus: televizijai, socialinei medijai, Facebook, Instagram, YouTube. Dirbame su \u012fvairaus dyd\u017eio verslais, organizacijomis, LR institucijomis, reklamos agent\u016bromis.[\/vc_column_text][\/vc_column][vc_column column_width_percent=&#8221;100&#8243; gutter_size=&#8221;3&#8243; back_image=&#8221;83362&#8243; overlay_alpha=&#8221;50&#8243; shift_x=&#8221;0&#8243; shift_y=&#8221;0&#8243; shift_y_down=&#8221;0&#8243; z_index=&#8221;0&#8243; medium_width=&#8221;0&#8243; mobile_width=&#8221;0&#8243; width=&#8221;2\/3&#8243; mobile_height=&#8221;300&#8243;][\/vc_column][\/vc_row][vc_row unlock_row_content=&#8221;yes&#8221; row_height_percent=&#8221;75&#8243; override_padding=&#8221;yes&#8221; h_padding=&#8221;0&#8243; top_padding=&#8221;0&#8243; bottom_padding=&#8221;0&#8243; overlay_alpha=&#8221;50&#8243; equal_height=&#8221;yes&#8221; gutter_size=&#8221;0&#8243; column_width_percent=&#8221;100&#8243; shift_y=&#8221;0&#8243; z_index=&#8221;0&#8243; inverted_device_order=&#8221;yes&#8221;][vc_column column_width_percent=&#8221;100&#8243; gutter_size=&#8221;3&#8243; back_image=&#8221;15075&#8243; overlay_alpha=&#8221;50&#8243; shift_x=&#8221;0&#8243; shift_y=&#8221;0&#8243; shift_y_down=&#8221;0&#8243; z_index=&#8221;0&#8243; medium_width=&#8221;0&#8243; mobile_width=&#8221;0&#8243; width=&#8221;2\/3&#8243; mobile_height=&#8221;300&#8243; el_class=&#8221;inverted-order-device&#8221;][\/vc_column][vc_column column_width_percent=&#8221;100&#8243; position_vertical=&#8221;middle&#8221; gutter_size=&#8221;3&#8243; override_padding=&#8221;yes&#8221; column_padding=&#8221;4&#8243; overlay_alpha=&#8221;50&#8243; shift_x=&#8221;0&#8243; shift_y=&#8221;0&#8243; shift_y_down=&#8221;0&#8243; z_index=&#8221;0&#8243; medium_width=&#8221;0&#8243; mobile_width=&#8221;0&#8243; width=&#8221;1\/3&#8243;][vc_custom_heading heading_semantic=&#8221;h3&#8243; text_font=&#8221;font-156269&#8243; text_size=&#8221;h1&#8243; text_transform=&#8221;uppercase&#8221; text_space=&#8221;fontspace-781688&#8243; separator=&#8221;yes&#8221; separator_color=&#8221;yes&#8221;]PROCESAS[\/vc_custom_heading][vc_column_text]\u012esigiliname \u012f kliento poreikius ir pateikiame optimaliausi\u0105 kainos &#8211; kokyb\u0117s sprendim\u0105 atitinkanti visus rinkos standartus, bei naujausias tendencijas. M\u016bs\u0173 technin\u0117 &#8211; k\u016brybin\u0117 komanda mobili ir suteiks jums vis\u0105 reikiam\u0105 pagalb\u0105 bet kurioje Lietuvos vietoje ar internetu.[\/vc_column_text][\/vc_column][\/vc_row][vc_row row_height_percent=&#8221;0&#8243; override_padding=&#8221;yes&#8221; h_padding=&#8221;2&#8243; top_padding=&#8221;3&#8243; bottom_padding=&#8221;3&#8243; overlay_alpha=&#8221;100&#8243; gutter_size=&#8221;3&#8243; border_color=&#8221;color-gyho&#8221; border_style=&#8221;solid&#8221; shift_y=&#8221;0&#8243;][vc_column column_width_percent=&#8221;100&#8243; align_horizontal=&#8221;align_center&#8221; gutter_size=&#8221;3&#8243; overlay_alpha=&#8221;100&#8243; shift_x=&#8221;0&#8243; shift_y=&#8221;0&#8243; z_index=&#8221;0&#8243; medium_width=&#8221;0&#8243; zoom_width=&#8221;0&#8243; zoom_height=&#8221;0&#8243; width=&#8221;1\/1&#8243;][vc_gallery el_id=&#8221;gallery-85457&#8243; type=&#8221;carousel&#8221; medias=&#8221;84062,83350,83836,83839,83837,83354,83357,83348,83349,83356,83351&#8243; carousel_lg=&#8221;7&#8243; carousel_md=&#8221;5&#8243; carousel_sm=&#8221;3&#8243; gutter_size=&#8221;3&#8243; media_items=&#8221;media|nolink|original,icon&#8221; carousel_interval=&#8221;3000&#8243; carousel_navspeed=&#8221;400&#8243; carousel_loop=&#8221;yes&#8221; stage_padding=&#8221;0&#8243; single_overlay_opacity=&#8221;50&#8243; single_overlay_anim=&#8221;no&#8221; single_text_anim=&#8221;no&#8221; single_image_anim=&#8221;no&#8221; single_padding=&#8221;4&#8243; single_border=&#8221;yes&#8221; title=&#8221;Clients&#8221; uncode_shortcode_id=&#8221;497319&#8243;][\/vc_column][\/vc_row]<\/p>\n<\/div>","protected":false},"excerpt":{"rendered":"<p>[vc_row unlock_row_content=&#8221;yes&#8221; row_height_percent=&#8221;73&#8243; override_padding=&#8221;yes&#8221; h_padding=&#8221;0&#8243; top_padding=&#8221;0&#8243; bottom_padding=&#8221;0&#8243; overlay_alpha=&#8221;50&#8243; equal_height=&#8221;yes&#8221; gutter_size=&#8221;0&#8243; column_width_percent=&#8221;100&#8243; shift_y=&#8221;0&#8243; z_index=&#8221;0&#8243;][vc_column column_width_percent=&#8221;100&#8243; position_vertical=&#8221;middle&#8221; gutter_size=&#8221;3&#8243; override_padding=&#8221;yes&#8221; column_padding=&#8221;4&#8243; overlay_alpha=&#8221;50&#8243; shift_x=&#8221;0&#8243; [&hellip;]<\/p>\n","protected":false},"author":1,"featured_media":11309,"parent":36601,"menu_order":0,"comment_status":"closed","ping_status":"closed","template":"","meta":{"footnotes":""},"class_list":["post-44894","page","type-page","status-publish","has-post-thumbnail","hentry"],"_links":{"self":[{"href":"https:\/\/www.trixproduction.com\/index.php\/wp-json\/wp\/v2\/pages\/44894","targetHints":{"allow":["GET"]}}],"collection":[{"href":"https:\/\/www.trixproduction.com\/index.php\/wp-json\/wp\/v2\/pages"}],"about":[{"href":"https:\/\/www.trixproduction.com\/index.php\/wp-json\/wp\/v2\/types\/page"}],"author":[{"embeddable":true,"href":"https:\/\/www.trixproduction.com\/index.php\/wp-json\/wp\/v2\/users\/1"}],"replies":[{"embeddable":true,"href":"https:\/\/www.trixproduction.com\/index.php\/wp-json\/wp\/v2\/comments?post=44894"}],"version-history":[{"count":11,"href":"https:\/\/www.trixproduction.com\/index.php\/wp-json\/wp\/v2\/pages\/44894\/revisions"}],"predecessor-version":[{"id":84072,"href":"https:\/\/www.trixproduction.com\/index.php\/wp-json\/wp\/v2\/pages\/44894\/revisions\/84072"}],"up":[{"embeddable":true,"href":"https:\/\/www.trixproduction.com\/index.php\/wp-json\/wp\/v2\/pages\/36601"}],"wp:featuredmedia":[{"embeddable":true,"href":"https:\/\/www.trixproduction.com\/index.php\/wp-json\/wp\/v2\/media\/11309"}],"wp:attachment":[{"href":"https:\/\/www.trixproduction.com\/index.php\/wp-json\/wp\/v2\/media?parent=44894"}],"curies":[{"name":"wp","href":"https:\/\/api.w.org\/{rel}","templated":true}]}}