{"id":79815,"date":"2019-08-16T11:46:13","date_gmt":"2019-08-16T09:46:13","guid":{"rendered":"https:\/\/undsgn.com\/uncode\/?page_id=79815"},"modified":"2025-02-10T17:10:58","modified_gmt":"2025-02-10T15:10:58","slug":"kompiuterine-grafika","status":"publish","type":"page","link":"https:\/\/www.trixproduction.com\/index.php\/homepages\/kompiuterine-grafika\/","title":{"rendered":"3D|AR|VR"},"content":{"rendered":"<div class=\"wpb-content-wrapper\"><p>[vc_row row_height_percent=&#8221;0&#8243; override_padding=&#8221;yes&#8221; h_padding=&#8221;3&#8243; top_padding=&#8221;7&#8243; bottom_padding=&#8221;7&#8243; back_color=&#8221;color-rgdb&#8221; overlay_alpha=&#8221;50&#8243; gutter_size=&#8221;0&#8243; column_width_percent=&#8221;100&#8243; shift_y=&#8221;0&#8243; z_index=&#8221;0&#8243;][vc_column column_width_percent=&#8221;100&#8243; gutter_size=&#8221;0&#8243; style=&#8221;dark&#8221; overlay_alpha=&#8221;50&#8243; shift_x=&#8221;0&#8243; shift_y=&#8221;0&#8243; shift_y_down=&#8221;0&#8243; z_index=&#8221;0&#8243; align_medium=&#8221;align_center_tablet&#8221; medium_width=&#8221;0&#8243; align_mobile=&#8221;align_center_mobile&#8221; mobile_width=&#8221;0&#8243; width=&#8221;1\/1&#8243;][vc_custom_heading heading_semantic=&#8221;h6&#8243; text_size=&#8221;h4&#8243; text_weight=&#8221;300&#8243; text_height=&#8221;fontheight-524109&#8243; uncode_shortcode_id=&#8221;201781&#8243;]<strong>Inovatyvios 3D grafikos k\u016brimo paslaugos<\/strong><br \/>\nM\u016bs\u0173 komanda u\u017esiima 3D grafikos k\u016brimu, leid\u017eian\u010diame klientams savo id\u0117jas perteikti i\u0161skirtiniu vizualiniu tikslumu ir detalumu. Nuo produkt\u0173 dizaino iki sud\u0117ting\u0173 trima\u010di\u0173 aplink\u0173 &#8211; m\u016bs\u0173 sukurta 3D grafika padeda \u012fmon\u0117ms pristatyti savo produktus ir paslaugas. Tai ne tik sustiprina prek\u0117s \u017eenklo \u012fvaizd\u012f, bet ir padidina klient\u0173 pasitik\u0117jim\u0105, sukuriant unikali\u0105 patirt\u012f, kuri sukuria \u012fsp\u016bd\u012f ir skatina dom\u0117jim\u0105si.<\/p>\n<p>&nbsp;<\/p>\n<p><strong>Papildytos realyb\u0117s (AR) integracija \u2013 \u0161iuolaikin\u0117 komunikacijos priemon\u0117<\/strong><br \/>\nAR sprendimai leid\u017eia vartotojams matyti papildyt\u0105 informacij\u0105 realiame pasaulyje, suteikdami unikali\u0105 galimyb\u0119 perkelti skaitmenin\u012f turin\u012f tiesiai \u012f aplink\u0105. \u012ediegdami AR \u012f j\u016bs\u0173 versl\u0105, sukuriame unikali\u0105, interaktyvi\u0105 vartotojo patirt\u012f, kuri\u0105 galima pritaikyti produkt\u0173 per\u017ei\u016broms, pardavimo skatinimui ir net mokymams. Tokia technologija ne tik suteikia i\u0161skirtin\u0119 vartotojo patirt\u012f, bet ir sukuria \u012fsimintinus \u012fsp\u016bd\u017eius, kurie palieka ilgalaik\u012f poveik\u012f.[\/vc_custom_heading][\/vc_column][\/vc_row][vc_row row_height_percent=&#8221;75&#8243; override_padding=&#8221;yes&#8221; h_padding=&#8221;2&#8243; top_padding=&#8221;7&#8243; bottom_padding=&#8221;7&#8243; back_color=&#8221;color-wayh&#8221; back_image=&#8221;84009&#8243; parallax=&#8221;yes&#8221; kburns=&#8221;yes&#8221; overlay_color=&#8221;color-nhtu&#8221; overlay_alpha=&#8221;15&#8243; gutter_size=&#8221;3&#8243; column_width_percent=&#8221;100&#8243; shift_y=&#8221;0&#8243; z_index=&#8221;0&#8243; enable_top_divider=&#8221;default&#8221; top_divider=&#8221;tilt&#8221; shape_top_flip=&#8221;yes&#8221; shape_top_h_use_pixel=&#8221;&#8221; shape_top_height=&#8221;108&#8243; shape_top_color=&#8221;color-rgdb&#8221; shape_top_opacity=&#8221;100&#8243; shape_top_safe=&#8221;yes&#8221; shape_top_index=&#8221;0&#8243; bottom_divider=&#8221;tilt&#8221; uncode_shortcode_id=&#8221;148271&#8243; back_color_type=&#8221;uncode-palette&#8221; overlay_color_type=&#8221;uncode-palette&#8221; shape_top_color_type=&#8221;uncode-palette&#8221;][vc_column column_width_percent=&#8221;100&#8243; position_vertical=&#8221;middle&#8221; align_horizontal=&#8221;align_center&#8221; gutter_size=&#8221;3&#8243; style=&#8221;dark&#8221; overlay_alpha=&#8221;50&#8243; shift_x=&#8221;0&#8243; shift_y=&#8221;0&#8243; shift_y_down=&#8221;0&#8243; z_index=&#8221;0&#8243; medium_width=&#8221;0&#8243; mobile_width=&#8221;0&#8243; width=&#8221;1\/1&#8243;][vc_icon icon=&#8221;fa fa-play&#8221; background_style=&#8221;fa-rounded&#8221; size=&#8221;fa-3x&#8221; icon_automatic=&#8221;yes&#8221; shadow=&#8221;yes&#8221; css_animation=&#8221;zoom-in&#8221; uncode_shortcode_id=&#8221;753569&#8243; link=&#8221;url:https%3A%2F%2Flsmumtep.lt%2F&#8221;][\/vc_icon][\/vc_column][\/vc_row][vc_row unlock_row_content=&#8221;yes&#8221; row_height_percent=&#8221;0&#8243; override_padding=&#8221;yes&#8221; h_padding=&#8221;0&#8243; top_padding=&#8221;0&#8243; bottom_padding=&#8221;0&#8243; overlay_alpha=&#8221;50&#8243; equal_height=&#8221;yes&#8221; gutter_size=&#8221;0&#8243; column_width_percent=&#8221;100&#8243; shift_y=&#8221;0&#8243; z_index=&#8221;0&#8243;][vc_column column_width_percent=&#8221;100&#8243; gutter_size=&#8221;2&#8243; override_padding=&#8221;yes&#8221; column_padding=&#8221;5&#8243; overlay_alpha=&#8221;50&#8243; shift_x=&#8221;0&#8243; shift_y=&#8221;0&#8243; shift_y_down=&#8221;0&#8243; z_index=&#8221;0&#8243; align_medium=&#8221;align_center_tablet&#8221; medium_width=&#8221;0&#8243; align_mobile=&#8221;align_center_mobile&#8221; mobile_width=&#8221;0&#8243; width=&#8221;1\/3&#8243;][vc_icon icon=&#8221;fa fa-cube&#8221; icon_color=&#8221;color-632047&#8243; size=&#8221;fa-3x&#8221; uncode_shortcode_id=&#8221;160075&#8243; icon_color_type=&#8221;uncode-palette&#8221;][\/vc_icon][vc_custom_heading heading_semantic=&#8221;h3&#8243; text_size=&#8221;h3&#8243; text_weight=&#8221;800&#8243; text_transform=&#8221;uppercase&#8221; text_space=&#8221;fontspace-781688&#8243; text_italic=&#8221;yes&#8221; uncode_shortcode_id=&#8221;296887&#8243;]3D grafika ir 3D aplinkos[\/vc_custom_heading][vc_custom_heading text_color=&#8221;color-wvjs&#8221; heading_semantic=&#8221;h6&#8243; text_size=&#8221;h4&#8243; text_weight=&#8221;300&#8243; text_height=&#8221;fontheight-524109&#8243;]The magic is in the movements. Workouts are different every day and modified to help each athlete achieve his or her goals.[\/vc_custom_heading][vc_empty_space empty_h=&#8221;4&#8243;][\/vc_column][vc_column column_width_percent=&#8221;100&#8243; gutter_size=&#8221;2&#8243; override_padding=&#8221;yes&#8221; column_padding=&#8221;5&#8243; back_color=&#8221;color-lxmt&#8221; overlay_alpha=&#8221;50&#8243; shift_x=&#8221;0&#8243; shift_y=&#8221;0&#8243; shift_y_down=&#8221;0&#8243; z_index=&#8221;0&#8243; align_medium=&#8221;align_center_tablet&#8221; medium_width=&#8221;0&#8243; align_mobile=&#8221;align_center_mobile&#8221; mobile_width=&#8221;0&#8243; width=&#8221;1\/3&#8243;][vc_icon icon=&#8221;fa fa-cubes&#8221; icon_color=&#8221;color-632047&#8243; size=&#8221;fa-3x&#8221; uncode_shortcode_id=&#8221;171476&#8243; icon_color_type=&#8221;uncode-palette&#8221;][\/vc_icon][vc_custom_heading heading_semantic=&#8221;h3&#8243; text_size=&#8221;h3&#8243; text_weight=&#8221;800&#8243; text_transform=&#8221;uppercase&#8221; text_space=&#8221;fontspace-111509&#8243; text_italic=&#8221;yes&#8221; uncode_shortcode_id=&#8221;603390&#8243;](VR) Virtualioji realyb\u0117[\/vc_custom_heading][vc_custom_heading text_color=&#8221;color-wvjs&#8221; heading_semantic=&#8221;h6&#8243; text_size=&#8221;h4&#8243; text_weight=&#8221;300&#8243; text_height=&#8221;fontheight-524109&#8243;]The magic is in the movements. Workouts are different every day and modified to help each athlete achieve his or her goals.[\/vc_custom_heading][vc_empty_space empty_h=&#8221;4&#8243;][\/vc_column][vc_column column_width_percent=&#8221;100&#8243; gutter_size=&#8221;2&#8243; override_padding=&#8221;yes&#8221; column_padding=&#8221;5&#8243; overlay_alpha=&#8221;50&#8243; shift_x=&#8221;0&#8243; shift_y=&#8221;0&#8243; shift_y_down=&#8221;0&#8243; z_index=&#8221;0&#8243; align_medium=&#8221;align_center_tablet&#8221; medium_width=&#8221;0&#8243; align_mobile=&#8221;align_center_mobile&#8221; mobile_width=&#8221;0&#8243; width=&#8221;1\/3&#8243;][vc_icon icon=&#8221;fa fa-smartphone&#8221; icon_color=&#8221;color-632047&#8243; size=&#8221;fa-3x&#8221; uncode_shortcode_id=&#8221;464858&#8243; icon_color_type=&#8221;uncode-palette&#8221;][\/vc_icon][vc_custom_heading heading_semantic=&#8221;h3&#8243; text_size=&#8221;h3&#8243; text_weight=&#8221;800&#8243; text_transform=&#8221;uppercase&#8221; text_space=&#8221;fontspace-781688&#8243; text_italic=&#8221;yes&#8221; uncode_shortcode_id=&#8221;126941&#8243;](AR) PAPILDYTA REALYB\u0116[\/vc_custom_heading][vc_custom_heading text_color=&#8221;color-wvjs&#8221; heading_semantic=&#8221;h6&#8243; text_size=&#8221;h4&#8243; text_weight=&#8221;300&#8243; text_height=&#8221;fontheight-524109&#8243;]The magic is in the movements. Workouts are different every day and modified to help each athlete achieve his or her goals.[\/vc_custom_heading][vc_empty_space empty_h=&#8221;4&#8243;][\/vc_column][\/vc_row][vc_row unlock_row_content=&#8221;yes&#8221; row_height_percent=&#8221;0&#8243; override_padding=&#8221;yes&#8221; h_padding=&#8221;0&#8243; top_padding=&#8221;0&#8243; bottom_padding=&#8221;0&#8243; back_color=&#8221;color-wayh&#8221; overlay_alpha=&#8221;50&#8243; gutter_size=&#8221;3&#8243; column_width_percent=&#8221;100&#8243; shift_y=&#8221;0&#8243; z_index=&#8221;0&#8243; enable_bottom_divider=&#8221;default&#8221; bottom_divider=&#8221;tilt&#8221; shape_bottom_h_use_pixel=&#8221;&#8221; shape_bottom_height=&#8221;108&#8243; shape_bottom_color=&#8221;color-632047&#8243; shape_bottom_opacity=&#8221;100&#8243; shape_bottom_index=&#8221;1&#8243;][vc_column width=&#8221;1\/1&#8243;][vc_gallery el_id=&#8221;gallery-105803&#8243; type=&#8221;carousel&#8221; medias=&#8221;84022,84024,84025,84026,84027,84028,84029,84030&#8243; carousel_lg=&#8221;6&#8243; carousel_md=&#8221;3&#8243; carousel_sm=&#8221;2&#8243; thumb_size=&#8221;three-four&#8221; gutter_size=&#8221;0&#8243; carousel_interval=&#8221;3000&#8243; carousel_navspeed=&#8221;400&#8243; carousel_loop=&#8221;yes&#8221; stage_padding=&#8221;0&#8243; single_overlay_opacity=&#8221;50&#8243; single_overlay_anim=&#8221;no&#8221; single_text_anim=&#8221;no&#8221; single_padding=&#8221;2&#8243; single_border=&#8221;yes&#8221; single_css_animation=&#8221;zoom-in&#8221; single_animation_first=&#8221;yes&#8221; uncode_shortcode_id=&#8221;158502&#8243;][\/vc_column][\/vc_row][vc_row row_height_percent=&#8221;0&#8243; override_padding=&#8221;yes&#8221; h_padding=&#8221;3&#8243; top_padding=&#8221;7&#8243; bottom_padding=&#8221;7&#8243; back_color=&#8221;color-632047&#8243; overlay_alpha=&#8221;50&#8243; gutter_size=&#8221;0&#8243; column_width_percent=&#8221;100&#8243; shift_y=&#8221;0&#8243; z_index=&#8221;0&#8243; bottom_divider=&#8221;tilt&#8221;][vc_column column_width_percent=&#8221;100&#8243; align_horizontal=&#8221;align_center&#8221; gutter_size=&#8221;0&#8243; style=&#8221;dark&#8221; overlay_alpha=&#8221;50&#8243; shift_x=&#8221;0&#8243; shift_y=&#8221;0&#8243; shift_y_down=&#8221;0&#8243; z_index=&#8221;0&#8243; medium_width=&#8221;0&#8243; mobile_width=&#8221;0&#8243; width=&#8221;1\/1&#8243;][vc_custom_heading heading_semantic=&#8221;h6&#8243; text_size=&#8221;h4&#8243; text_weight=&#8221;300&#8243; text_height=&#8221;fontheight-524109&#8243; uncode_shortcode_id=&#8221;121719&#8243;]<strong>Virtualios realyb\u0117s (VR) patirtis \u2013 nauja vartotojo \u012ftraukimo era<\/strong><br \/>\nVR technologija pakei\u010dia verslo komunikacijos standartus, sukurdama nepaprastai \u012ftraukian\u010di\u0105 aplink\u0105, kuri leid\u017eia klientams pasinerti \u012f prek\u0117s \u017eenklo pasaul\u012f ir interaktyviai tyrin\u0117ti produktus ar paslaugas. M\u016bs\u0173 VR patirties sprendimai puikiai tinka mokymams ir pramogoms, suteikdami vartotojams galimyb\u0119 i\u0161vysti produkt\u0105 skaitmenin\u0117je aplinkoje. Tai puikus b\u016bdas atverti naujas galimybes verslui \u2013 nuo produkto pristatym\u0173 iki unikali\u0173 klient\u0173 s\u0105veik\u0173, stiprinant ilgalaikius ry\u0161ius su auditorija.<\/p>\n<p>&nbsp;<\/p>\n<div class=\"unity-embed\" style=\"width: 50vw !important; height: 50vh !important; max-width: none !important; max-height: none !important; margin: 0 auto !important; padding: 0 !important; display: flex !important; justify-content: center !important; align-items: center !important;\"><iframe style=\"width: 50vw !important; height: 50vh !important; max-width: none !important; max-height: none !important; border: none !important;\" title=\"Unity WebGL Player\" src=\"https:\/\/lsmumtep.lt\/SingleProduct\/\"><\/iframe><\/div>\n<div><\/div>\n<div><\/div>\n<p>[\/vc_custom_heading][\/vc_column][\/vc_row][vc_row unlock_row_content=&#8221;yes&#8221; row_height_percent=&#8221;0&#8243; override_padding=&#8221;yes&#8221; h_padding=&#8221;2&#8243; top_padding=&#8221;7&#8243; bottom_padding=&#8221;7&#8243; back_color=&#8221;color-rgdb&#8221; overlay_alpha=&#8221;50&#8243; gutter_size=&#8221;3&#8243; column_width_percent=&#8221;100&#8243; shift_y=&#8221;0&#8243; z_index=&#8221;0&#8243; enable_top_divider=&#8221;default&#8221; top_divider=&#8221;tilt&#8221; shape_top_flip=&#8221;yes&#8221; shape_top_h_use_pixel=&#8221;&#8221; shape_top_height=&#8221;108&#8243; shape_top_color=&#8221;color-632047&#8243; shape_top_opacity=&#8221;100&#8243; shape_top_safe=&#8221;yes&#8221; shape_top_index=&#8221;0&#8243;][vc_column column_width_use_pixel=&#8221;yes&#8221; align_horizontal=&#8221;align_center&#8221; gutter_size=&#8221;3&#8243; style=&#8221;dark&#8221; overlay_alpha=&#8221;50&#8243; shift_x=&#8221;0&#8243; shift_y=&#8221;0&#8243; shift_y_down=&#8221;0&#8243; z_index=&#8221;0&#8243; medium_width=&#8221;0&#8243; mobile_width=&#8221;0&#8243; width=&#8221;1\/1&#8243; column_width_pixel=&#8221;1200&#8243;][vc_row_inner limit_content=&#8221;&#8221;][vc_column_inner column_width_percent=&#8221;100&#8243; position_vertical=&#8221;middle&#8221; align_horizontal=&#8221;align_center&#8221; gutter_size=&#8221;2&#8243; style=&#8221;dark&#8221; back_color=&#8221;color-nhtu&#8221; back_image=&#8221;11309&#8243; back_position=&#8221;right center&#8221; parallax=&#8221;yes&#8221; kburns=&#8221;yes&#8221; overlay_color=&#8221;color-nhtu&#8221; overlay_alpha=&#8221;15&#8243; shift_x=&#8221;0&#8243; shift_y=&#8221;0&#8243; shift_y_down=&#8221;0&#8243; z_index=&#8221;0&#8243; medium_width=&#8221;0&#8243; mobile_width=&#8221;0&#8243; css_animation=&#8221;zoom-in&#8221; animation_delay=&#8221;200&#8243; radius=&#8221;xs&#8221; width=&#8221;1\/1&#8243;][vc_empty_space empty_h=&#8221;5&#8243;][vc_custom_heading heading_semantic=&#8221;h3&#8243; text_size=&#8221;h1&#8243; text_weight=&#8221;800&#8243; text_transform=&#8221;uppercase&#8221; text_space=&#8221;fontspace-781688&#8243; text_italic=&#8221;yes&#8221; sub_lead=&#8221;yes&#8221; sub_reduced=&#8221;yes&#8221; css_animation=&#8221;curtain&#8221; animation_delay=&#8221;200&#8243; uncode_shortcode_id=&#8221;187445&#8243;]<span class=\"heading-text-highlight \" data-atts='{\"bg\":\"style-color-632047-bg\",\"height\":\"10%\",\"offset\":\"0.2em\",\"opacity\":\"1\",\"animated\":\"yes\"}'>PERKELKITE SAVO PRODUKT\u0104 \u012e 3D ERDV\u0118<\/span>[\/vc_custom_heading][vc_button button_color=&#8221;color-632047&#8243; size=&#8221;btn-link&#8221; custom_typo=&#8221;yes&#8221; font_family=&#8221;font-762333&#8243; font_weight=&#8221;800&#8243; letter_spacing=&#8221;fontspace-210350&#8243; italic=&#8221;yes&#8221; icon_position=&#8221;right&#8221; icon=&#8221;fa fa-arrow-right4&#8243; link=&#8221;url:http%3A%2F%2Finfo%40trixproduction.com&#8221; button_color_type=&#8221;uncode-palette&#8221; uncode_shortcode_id=&#8221;436693&#8243;]PARA\u0160YKITE MUMS[\/vc_button][vc_empty_space empty_h=&#8221;5&#8243;][\/vc_column_inner][\/vc_row_inner][\/vc_column][\/vc_row]<\/p>\n<\/div>","protected":false},"excerpt":{"rendered":"<p>[vc_row row_height_percent=&#8221;0&#8243; override_padding=&#8221;yes&#8221; h_padding=&#8221;3&#8243; top_padding=&#8221;7&#8243; bottom_padding=&#8221;7&#8243; back_color=&#8221;color-rgdb&#8221; overlay_alpha=&#8221;50&#8243; gutter_size=&#8221;0&#8243; column_width_percent=&#8221;100&#8243; shift_y=&#8221;0&#8243; z_index=&#8221;0&#8243;][vc_column column_width_percent=&#8221;100&#8243; gutter_size=&#8221;0&#8243; style=&#8221;dark&#8221; overlay_alpha=&#8221;50&#8243; shift_x=&#8221;0&#8243; shift_y=&#8221;0&#8243; shift_y_down=&#8221;0&#8243; z_index=&#8221;0&#8243; [&hellip;]<\/p>\n","protected":false},"author":1,"featured_media":81631,"parent":43938,"menu_order":0,"comment_status":"closed","ping_status":"closed","template":"","meta":{"footnotes":""},"class_list":["post-79815","page","type-page","status-publish","has-post-thumbnail","hentry","page_category-creative"],"_links":{"self":[{"href":"https:\/\/www.trixproduction.com\/index.php\/wp-json\/wp\/v2\/pages\/79815","targetHints":{"allow":["GET"]}}],"collection":[{"href":"https:\/\/www.trixproduction.com\/index.php\/wp-json\/wp\/v2\/pages"}],"about":[{"href":"https:\/\/www.trixproduction.com\/index.php\/wp-json\/wp\/v2\/types\/page"}],"author":[{"embeddable":true,"href":"https:\/\/www.trixproduction.com\/index.php\/wp-json\/wp\/v2\/users\/1"}],"replies":[{"embeddable":true,"href":"https:\/\/www.trixproduction.com\/index.php\/wp-json\/wp\/v2\/comments?post=79815"}],"version-history":[{"count":14,"href":"https:\/\/www.trixproduction.com\/index.php\/wp-json\/wp\/v2\/pages\/79815\/revisions"}],"predecessor-version":[{"id":84033,"href":"https:\/\/www.trixproduction.com\/index.php\/wp-json\/wp\/v2\/pages\/79815\/revisions\/84033"}],"up":[{"embeddable":true,"href":"https:\/\/www.trixproduction.com\/index.php\/wp-json\/wp\/v2\/pages\/43938"}],"wp:featuredmedia":[{"embeddable":true,"href":"https:\/\/www.trixproduction.com\/index.php\/wp-json\/wp\/v2\/media\/81631"}],"wp:attachment":[{"href":"https:\/\/www.trixproduction.com\/index.php\/wp-json\/wp\/v2\/media?parent=79815"}],"curies":[{"name":"wp","href":"https:\/\/api.w.org\/{rel}","templated":true}]}}